{"id":41441,"date":"2026-02-04T10:43:02","date_gmt":"2026-02-04T10:43:02","guid":{"rendered":"https:\/\/apapachofest.com\/?page_id=41441"},"modified":"2026-03-10T09:04:41","modified_gmt":"2026-03-10T09:04:41","slug":"reserva-voluntarios","status":"publish","type":"page","link":"https:\/\/apapachofest.com\/index.php\/reserva-voluntarios\/","title":{"rendered":"Reserva Voluntarios"},"content":{"rendered":"<p>[et_pb_section fb_built=\u00bb1&#8243; _builder_version=\u00bb4.23.1&#8243; _module_preset=\u00bbdefault\u00bb background_color=\u00bb#f9f9f9&#8243; custom_padding=\u00bb0px|||||\u00bb global_colors_info=\u00bb{}\u00bb][et_pb_row use_custom_gutter=\u00bbon\u00bb gutter_width=\u00bb2&#8243; make_equal=\u00bbon\u00bb module_id=\u00bbentradas\u00bb _builder_version=\u00bb4.27.4&#8243; _module_preset=\u00bbdefault\u00bb width=\u00bb90%\u00bb width_tablet=\u00bb\u00bb width_phone=\u00bb95%\u00bb width_last_edited=\u00bbon|desktop\u00bb max_width=\u00bb90%\u00bb custom_padding=\u00bb||0px|||\u00bb global_colors_info=\u00bb{}\u00bb][et_pb_column type=\u00bb4_4&#8243; _builder_version=\u00bb4.23.1&#8243; _module_preset=\u00bbdefault\u00bb global_colors_info=\u00bb{}\u00bb][et_pb_image src=\u00bbhttps:\/\/apapachofest.com\/wp-content\/uploads\/2024\/02\/logo-web-apapacho-fest.png\u00bb title_text=\u00bblogo-web-apapacho-fest\u00bb align=\u00bbcenter\u00bb disabled_on=\u00bboff|off|off\u00bb _builder_version=\u00bb4.23.1&#8243; _module_preset=\u00bbdefault\u00bb width=\u00bb12%\u00bb width_tablet=\u00bb12%\u00bb width_phone=\u00bb35%\u00bb width_last_edited=\u00bbon|desktop\u00bb global_colors_info=\u00bb{}\u00bb][\/et_pb_image][\/et_pb_column][\/et_pb_row][et_pb_row use_custom_gutter=\u00bbon\u00bb gutter_width=\u00bb2&#8243; make_equal=\u00bbon\u00bb module_id=\u00bbcontacto\u00bb _builder_version=\u00bb4.23.1&#8243; _module_preset=\u00bbdefault\u00bb width=\u00bb90%\u00bb width_tablet=\u00bb\u00bb width_phone=\u00bb95%\u00bb width_last_edited=\u00bbon|desktop\u00bb max_width=\u00bb90%\u00bb custom_padding=\u00bb23px||0px|||\u00bb global_colors_info=\u00bb{}\u00bb][et_pb_column type=\u00bb4_4&#8243; _builder_version=\u00bb4.23.1&#8243; _module_preset=\u00bbdefault\u00bb global_colors_info=\u00bb{}\u00bb][et_pb_text _builder_version=\u00bb4.27.5&#8243; _module_preset=\u00bbdefault\u00bb header_font=\u00bb|||on|||||\u00bb header_2_font=\u00bbRebel Kids|||on|||||\u00bb header_2_text_align=\u00bbcenter\u00bb header_2_font_size=\u00bb49px\u00bb custom_margin=\u00bb||5px|||\u00bb custom_padding=\u00bb||2px|||\u00bb global_colors_info=\u00bb{}\u00bb]<\/p>\n<h2>Bienvenido@ al equipo de voluntarios\/as!<\/h2>\n<p>[\/et_pb_text][et_pb_text _builder_version=\u00bb4.27.5&#8243; _module_preset=\u00bbdefault\u00bb text_font=\u00bbRoboto Flex||||||||\u00bb text_font_size=\u00bb17px\u00bb header_font=\u00bb|||on|||||\u00bb header_2_font=\u00bbRebel Kids|||on|||||\u00bb header_2_text_align=\u00bbcenter\u00bb header_2_font_size=\u00bb49px\u00bb text_orientation=\u00bbcenter\u00bb custom_margin=\u00bb||5px|||\u00bb custom_padding=\u00bb||5px|||\u00bb global_colors_info=\u00bb{}\u00bb]<\/p>\n<p>Haz tu reserva siguiendo los pasos que se indican m\u00e1s abajo \ud83d\ude42<\/p>\n<p>[\/et_pb_text][\/et_pb_column][\/et_pb_row][et_pb_row column_structure=\u00bb1_3,1_3,1_3&#8243; use_custom_gutter=\u00bbon\u00bb gutter_width=\u00bb2&#8243; make_equal=\u00bbon\u00bb _builder_version=\u00bb4.27.5&#8243; _module_preset=\u00bbdefault\u00bb width=\u00bb90%\u00bb width_tablet=\u00bb\u00bb width_phone=\u00bb95%\u00bb width_last_edited=\u00bbon|desktop\u00bb max_width=\u00bb95%\u00bb custom_margin=\u00bb16px|auto||auto||\u00bb global_colors_info=\u00bb{}\u00bb][et_pb_column type=\u00bb1_3&#8243; _builder_version=\u00bb4.23.1&#8243; _module_preset=\u00bbdefault\u00bb background_color=\u00bb#eaeaea\u00bb custom_padding=\u00bb10px|10px|10px|10px|true|true\u00bb border_radii=\u00bbon|25px|25px|25px|25px\u00bb border_width_all=\u00bb5px\u00bb border_color_all=\u00bb#b04c30&#8243; border_style_all=\u00bbdashed\u00bb global_colors_info=\u00bb{}\u00bb][\/et_pb_column][et_pb_column type=\u00bb1_3&#8243; _builder_version=\u00bb4.23.1&#8243; _module_preset=\u00bbdefault\u00bb background_color=\u00bb#eaeaea\u00bb custom_padding=\u00bb10px|10px|10px|10px|true|true\u00bb border_radii=\u00bbon|25px|25px|25px|25px\u00bb border_width_all=\u00bb5px\u00bb border_color_all=\u00bb#b04c30&#8243; border_style_all=\u00bbdashed\u00bb global_colors_info=\u00bb{}\u00bb][et_pb_image src=\u00bbhttps:\/\/apapachofest.com\/wp-content\/uploads\/2026\/02\/habitacion-grupal-voluntarios-apapacho-fest.jpg\u00bb title_text=\u00bbhabitacion grupal voluntarios apapacho fest\u00bb _builder_version=\u00bb4.27.5&#8243; _module_preset=\u00bbdefault\u00bb filter_saturate=\u00bb113%\u00bb filter_brightness=\u00bb108%\u00bb filter_contrast=\u00bb103%\u00bb border_radii=\u00bbon|25px|25px|25px|25px\u00bb global_colors_info=\u00bb{}\u00bb][\/et_pb_image][et_pb_text _builder_version=\u00bb4.27.5&#8243; _module_preset=\u00bbdefault\u00bb text_font=\u00bbRoboto|300|||||||\u00bb text_text_color=\u00bb#000000&#8243; text_font_size=\u00bb20px\u00bb text_orientation=\u00bbcenter\u00bb global_colors_info=\u00bb{}\u00bb]<\/p>\n<p><strong>Habitaci\u00f3n Grupal <\/strong>| Ba\u00f1o compartido<\/p>\n<p>[\/et_pb_text][et_pb_text disabled_on=\u00bboff|off|off\u00bb _builder_version=\u00bb4.27.6&#8243; _module_preset=\u00bbdefault\u00bb text_font=\u00bbRoboto|700|||||||\u00bb text_text_color=\u00bb#E02B20&#8243; text_font_size=\u00bb16px\u00bb text_orientation=\u00bbcenter\u00bb custom_margin=\u00bb-6px|||||\u00bb hover_enabled=\u00bb0&#8243; global_colors_info=\u00bb{}\u00bb sticky_enabled=\u00bb0&#8243;]<\/p>\n<p>\u00a13 plazas disponibles!<\/p>\n<p>[\/et_pb_text][et_pb_text _builder_version=\u00bb4.27.5&#8243; _module_preset=\u00bbdefault\u00bb text_font=\u00bbRoboto|300|||||||\u00bb text_text_color=\u00bb#000000&#8243; text_font_size=\u00bb16px\u00bb text_orientation=\u00bbcenter\u00bb custom_margin=\u00bb||45px|||\u00bb global_colors_info=\u00bb{}\u00bb]<\/p>\n<p>Precio Especial para Voluntarios\/as:<\/p>\n<p>[\/et_pb_text][et_pb_text _builder_version=\u00bb4.27.5&#8243; _module_preset=\u00bbdefault\u00bb text_font=\u00bbRoboto|900|||||||\u00bb text_text_color=\u00bb#b04c30&#8243; text_font_size=\u00bb73px\u00bb text_letter_spacing=\u00bb-5px\u00bb text_orientation=\u00bbcenter\u00bb custom_margin=\u00bb||33px|||\u00bb text_font_size_tablet=\u00bb73px\u00bb text_font_size_phone=\u00bb60px\u00bb text_font_size_last_edited=\u00bbon|phone\u00bb global_colors_info=\u00bb{}\u00bb]<\/p>\n<p>350\u20ac<\/p>\n<p>[\/et_pb_text][et_pb_text _builder_version=\u00bb4.27.5&#8243; _module_preset=\u00bbdefault\u00bb text_font=\u00bbRoboto|300|||||||\u00bb text_text_color=\u00bb#000000&#8243; text_font_size=\u00bb16px\u00bb custom_margin=\u00bb||45px|||\u00bb global_colors_info=\u00bb{}\u00bb]<\/p>\n<p><strong>Esta opci\u00f3n incluye: <\/strong><\/p>\n<ul>\n<li>Alojamiento en habitaci\u00f3n grupal con ba\u00f1o compartido.<\/li>\n<li>Pensi\u00f3n completa en el comedor exterior durante los 7 d\u00edas del evento.<\/li>\n<li>Acceso libre a la piscina de agua termal en el balneario.<\/li>\n<li>Acceso preferente al check-in el d\u00eda de la recepci\u00f3n.<\/li>\n<li>Acceso a todos los talleres y actividades dentro de la programaci\u00f3n.<\/li>\n<\/ul>\n<p><em><strong>(La foto del alojamiento es un ejemplo orientativo)<\/strong><\/em><\/p>\n<p style=\"text-align: center;\"><strong>Autobuses propios directos hasta el festival desde Madrid, Valencia, Alicante, Murcia y Bilbao.<\/strong><\/p>\n<p>[\/et_pb_text][et_pb_text disabled_on=\u00bboff|off|off\u00bb _builder_version=\u00bb4.27.5&#8243; _module_preset=\u00bbdefault\u00bb custom_margin=\u00bb||16px|||\u00bb global_colors_info=\u00bb{}\u00bb]<\/p>\n<div style=\"text-align: center;\"><div class=\"asp_product_buy_button\"><div class=\"asp-processing-cont\" style=\"display:none;\"><span class=\"asp-processing\">Processing <i>.<\/i><i>.<\/i><i>.<\/i><\/span><\/div><form id=\"asp_ng_form_069e07825ee0b8\" class=\"asp-stripe-form\" action=\"\"  method=\"POST\"> <input type=\"hidden\" name=\"asp_product_id\" value=\"41448\" \/><div class=\"asp-child-hidden-fields\" style=\"display: none !important;\"><\/div><\/form><div id=\"asp-all-buttons-container-069e07825ee0b8\" class=\"asp_all_buttons_container\"><div class=\"asp_product_buy_btn_container\"><button id=\"asp_ng_button_069e07825ee0b8\" type=\"submit\" class=\"et_pb_button_2\" ><span>Abona tu Reserva<\/span><\/button><\/div><noscript>Para poder operar, Stripe Payments necesita que el navegador sea compatible con JavaScript.<\/noscript><\/div><div id=\"asp-btn-spinner-container-069e07825ee0b8\" class=\"asp-btn-spinner-container\" style=\"display: none !important\"><div class=\"asp-btn-spinner\"><div><\/div><div><\/div><div><\/div><div><\/div><\/div><\/div><script>var asp_data_069e07825ee0b8 = {\"is_live\":true,\"product_id\":41448,\"iframe_url\":\"https:\\\/\\\/apapachofest.com\\\/asp-payment-box\\\/?product_id=41448\",\"button_key\":\"60c589055545b6fd513a7d5bd819eda7\",\"item_price\":15000,\"quantity\":1,\"custom_quantity\":\"\",\"description\":\"1 X 150\\u20ac\",\"descrGenerated\":true,\"shipping\":0,\"tax\":0,\"image\":\"\",\"currency\":\"EUR\",\"currency_variable\":\"\",\"locale\":\"auto\",\"name\":\"Reserva Alojamiento voluntarios\",\"url\":\"\",\"amount\":15000,\"billingAddress\":false,\"shippingAddress\":false,\"customer_email\":\"\",\"uniq_id\":\"069e07825ee0b8\",\"variable\":false,\"zeroCents\":[\"JPY\",\"MGA\",\"VND\",\"KRW\"],\"addonHooks\":[],\"button_text\":\"Abona tu Reserva\",\"out_of_stock\":false,\"stock_control_enabled\":false,\"stock_items\":0,\"currencyFormat\":{\"c\":0,\"d\":\".\",\"t\":\",\",\"s\":\"\\u20ac\",\"pos\":\"right\"},\"displayStr\":{\"tax\":\"%s (impuesto)\",\"ship\":\"%s (env\\u00edo)\"},\"thankyou_page_url\":\"aHR0cHM6Ly9hcGFwYWNob2Zlc3QuY29tL2luZGV4LnBocC9ncmFjaWFzLXBvci11bmlydGUtYS1sYS10cmlidS1hcGFwYWNoby8=\",\"show_custom_amount_input\":false};if(typeof jQuery!==\"undefined\") {jQuery(document).ready(function() {new stripeHandlerNG(asp_data_069e07825ee0b8);});} else { if (typeof wpaspInitOnDocReady===\"undefined\") {var wpaspInitOnDocReady=[];} wpaspInitOnDocReady.push(asp_data_069e07825ee0b8);}<\/script><\/div><\/div>\n<p>[\/et_pb_text][\/et_pb_column][et_pb_column type=\u00bb1_3&#8243; _builder_version=\u00bb4.23.1&#8243; _module_preset=\u00bbdefault\u00bb background_color=\u00bb#eaeaea\u00bb custom_padding=\u00bb10px|10px|10px|10px|true|true\u00bb border_radii=\u00bbon|25px|25px|25px|25px\u00bb border_width_all=\u00bb5px\u00bb border_color_all=\u00bb#b04c30&#8243; border_style_all=\u00bbdashed\u00bb global_colors_info=\u00bb{}\u00bb][\/et_pb_column][\/et_pb_row][et_pb_row use_custom_gutter=\u00bbon\u00bb gutter_width=\u00bb2&#8243; make_equal=\u00bbon\u00bb module_id=\u00bbcontacto\u00bb _builder_version=\u00bb4.23.1&#8243; _module_preset=\u00bbdefault\u00bb width=\u00bb90%\u00bb width_tablet=\u00bb\u00bb width_phone=\u00bb95%\u00bb width_last_edited=\u00bbon|desktop\u00bb max_width=\u00bb90%\u00bb custom_padding=\u00bb68px|||||\u00bb locked=\u00bboff\u00bb global_colors_info=\u00bb{}\u00bb][et_pb_column type=\u00bb4_4&#8243; _builder_version=\u00bb4.23.1&#8243; _module_preset=\u00bbdefault\u00bb global_colors_info=\u00bb{}\u00bb][et_pb_text _builder_version=\u00bb4.27.5&#8243; _module_preset=\u00bbdefault\u00bb header_font=\u00bb|||on|||||\u00bb header_2_font=\u00bbRebel Kids|||on|||||\u00bb header_2_text_align=\u00bbcenter\u00bb header_2_font_size=\u00bb49px\u00bb custom_margin=\u00bb||5px|||\u00bb custom_padding=\u00bb||34px|||\u00bb global_colors_info=\u00bb{}\u00bb]<\/p>\n<h2>PASOS PARA HACER LA RESERVA CORRECTAMENTE:<\/h2>\n<p>[\/et_pb_text][et_pb_accordion open_toggle_text_color=\u00bb#000000&#8243; closed_toggle_background_color=\u00bb#004441&#8243; toggle_icon=\u00bb&#xf25a;||fa||900&#8243; icon_color=\u00bb#FFFFFF\u00bb use_icon_font_size=\u00bbon\u00bb icon_font_size=\u00bb20px\u00bb _builder_version=\u00bb4.27.5&#8243; _module_preset=\u00bbdefault\u00bb toggle_text_color=\u00bb#FFFFFF\u00bb toggle_font=\u00bbRoboto|700|||||||\u00bb body_font=\u00bbRoboto|300|||||||\u00bb body_font_size=\u00bb16px\u00bb border_width_all=\u00bb0px\u00bb global_colors_info=\u00bb{}\u00bb][et_pb_accordion_item open=\u00bbon\u00bb _builder_version=\u00bb4.27.4&#8243; _module_preset=\u00bbdefault\u00bb global_colors_info=\u00bb{}\u00bb toggle_font=\u00bbRoboto|700|||||||\u00bb]<\/p>\n<p>1. Pulsa el bot\u00f3n verde \u00abABONA TU RESERVA\u00bb<\/p>\n<p>2. Rellena el formulario con tu nombre y apellidos, tu correo electr\u00f3nico y tu n\u00famero de tarjeta.<\/p>\n<p>3. Espera a que la web te pida la confirmaci\u00f3n con tu banco.<\/p>\n<p>4. Confirma la operaci\u00f3n en tu banco y regresa de nuevo a la web. Si no regresas a la web la operaci\u00f3n no se realizar\u00e1.<\/p>\n<p>5. Cuando la web te de el check verde de OK espera 3 segundos para que la web te redirja al formulario para completar la inscripci\u00f3n.<\/p>\n<p>6. Rellena el formulario con todos tus datos y al enviarlo espera 3 segundos para que la web te lleve a las indicaciones pr\u00e1cticas que tienes que conocer antes de venir al evento.<\/p>\n<p>7. \u00a1Est\u00e1s dentro! Bienvenido\/a \ud83d\ude09<\/p>\n<p>[\/et_pb_accordion_item][\/et_pb_accordion][et_pb_button button_url=\u00bbhttps:\/\/wa.me\/34620349762&#8243; url_new_window=\u00bbon\u00bb button_text=\u00bbContacta por Whatsapp\u00bb button_alignment=\u00bbcenter\u00bb _builder_version=\u00bb4.27.5&#8243; _module_preset=\u00bbdefault\u00bb custom_button=\u00bbon\u00bb button_text_color=\u00bb#FFFFFF\u00bb button_bg_color=\u00bb#23b21e\u00bb button_border_radius=\u00bb5px\u00bb button_font=\u00bbRoboto|700|||||||\u00bb button_icon=\u00bb&#xf232;||fa||400&#8243; button_on_hover=\u00bboff\u00bb custom_css_main_element=\u00bbbackground-color: #00ad1d!important;\u00bb locked=\u00bboff\u00bb global_colors_info=\u00bb{}\u00bb][\/et_pb_button][\/et_pb_column][\/et_pb_row][\/et_pb_section]<\/p>\n","protected":false},"excerpt":{"rendered":"<p>Bienvenido@ al equipo de voluntarios\/as!Haz tu reserva siguiendo los pasos que se indican m\u00e1s abajo :)Habitaci\u00f3n Grupal | Ba\u00f1o compartido\u00a13 plazas disponibles!Precio Especial para Voluntarios\/as:350\u20acEsta opci\u00f3n incluye: Alojamiento en habitaci\u00f3n grupal con ba\u00f1o compartido. Pensi\u00f3n completa en el comedor exterior durante los 7 d\u00edas del evento. Acceso libre a la piscina de agua termal en [&hellip;]<\/p>\n","protected":false},"author":1,"featured_media":0,"parent":0,"menu_order":0,"comment_status":"closed","ping_status":"closed","template":"page-template-blank.php","meta":{"_et_pb_use_builder":"on","_et_pb_old_content":"","_et_gb_content_width":"","footnotes":""},"class_list":["post-41441","page","type-page","status-publish","hentry"],"yoast_head":"<!-- This site is optimized with the Yoast SEO plugin v27.2 - https:\/\/yoast.com\/product\/yoast-seo-wordpress\/ -->\n<title>Reserva Voluntarios - Apapacho Festival<\/title>\n<meta name=\"robots\" content=\"index, follow, max-snippet:-1, max-image-preview:large, max-video-preview:-1\" \/>\n<link rel=\"canonical\" href=\"https:\/\/apapachofest.com\/index.php\/reserva-voluntarios\/\" \/>\n<meta property=\"og:locale\" content=\"es_ES\" \/>\n<meta property=\"og:type\" content=\"article\" \/>\n<meta property=\"og:title\" content=\"Reserva Voluntarios - Apapacho Festival\" \/>\n<meta property=\"og:description\" content=\"Bienvenido@ al equipo de voluntarios\/as!Haz tu reserva siguiendo los pasos que se indican m\u00e1s abajo :)Habitaci\u00f3n Grupal | Ba\u00f1o compartido\u00a13 plazas disponibles!Precio Especial para Voluntarios\/as:350\u20acEsta opci\u00f3n incluye: Alojamiento en habitaci\u00f3n grupal con ba\u00f1o compartido. Pensi\u00f3n completa en el comedor exterior durante los 7 d\u00edas del evento. Acceso libre a la piscina de agua termal en [&hellip;]\" \/>\n<meta property=\"og:url\" content=\"https:\/\/apapachofest.com\/index.php\/reserva-voluntarios\/\" \/>\n<meta property=\"og:site_name\" content=\"Apapacho Festival\" \/>\n<meta property=\"article:publisher\" content=\"https:\/\/www.facebook.com\/apapachofest\/\" \/>\n<meta property=\"article:modified_time\" content=\"2026-03-10T09:04:41+00:00\" \/>\n<meta name=\"twitter:card\" content=\"summary_large_image\" \/>\n<meta name=\"twitter:label1\" content=\"Tiempo de lectura\" \/>\n\t<meta name=\"twitter:data1\" content=\"2 minutos\" \/>\n<script type=\"application\/ld+json\" class=\"yoast-schema-graph\">{\"@context\":\"https:\/\/schema.org\",\"@graph\":[{\"@type\":\"WebPage\",\"@id\":\"https:\/\/apapachofest.com\/index.php\/reserva-voluntarios\/\",\"url\":\"https:\/\/apapachofest.com\/index.php\/reserva-voluntarios\/\",\"name\":\"Reserva Voluntarios - Apapacho Festival\",\"isPartOf\":{\"@id\":\"https:\/\/apapachofest.com\/#website\"},\"datePublished\":\"2026-02-04T10:43:02+00:00\",\"dateModified\":\"2026-03-10T09:04:41+00:00\",\"breadcrumb\":{\"@id\":\"https:\/\/apapachofest.com\/index.php\/reserva-voluntarios\/#breadcrumb\"},\"inLanguage\":\"es\",\"potentialAction\":[{\"@type\":\"ReadAction\",\"target\":[\"https:\/\/apapachofest.com\/index.php\/reserva-voluntarios\/\"]}]},{\"@type\":\"BreadcrumbList\",\"@id\":\"https:\/\/apapachofest.com\/index.php\/reserva-voluntarios\/#breadcrumb\",\"itemListElement\":[{\"@type\":\"ListItem\",\"position\":1,\"name\":\"Portada\",\"item\":\"https:\/\/apapachofest.com\/\"},{\"@type\":\"ListItem\",\"position\":2,\"name\":\"Reserva Voluntarios\"}]},{\"@type\":\"WebSite\",\"@id\":\"https:\/\/apapachofest.com\/#website\",\"url\":\"https:\/\/apapachofest.com\/\",\"name\":\"Apapacho Fest\",\"description\":\"El Mayor Festival de Habla Hispana sobre Relaciones Conscientes\",\"publisher\":{\"@id\":\"https:\/\/apapachofest.com\/#organization\"},\"potentialAction\":[{\"@type\":\"SearchAction\",\"target\":{\"@type\":\"EntryPoint\",\"urlTemplate\":\"https:\/\/apapachofest.com\/?s={search_term_string}\"},\"query-input\":{\"@type\":\"PropertyValueSpecification\",\"valueRequired\":true,\"valueName\":\"search_term_string\"}}],\"inLanguage\":\"es\"},{\"@type\":\"Organization\",\"@id\":\"https:\/\/apapachofest.com\/#organization\",\"name\":\"Apapacho Fest\",\"url\":\"https:\/\/apapachofest.com\/\",\"logo\":{\"@type\":\"ImageObject\",\"inLanguage\":\"es\",\"@id\":\"https:\/\/apapachofest.com\/#\/schema\/logo\/image\/\",\"url\":\"https:\/\/apapachofest.com\/wp-content\/uploads\/2025\/08\/HQ1.jpg\",\"contentUrl\":\"https:\/\/apapachofest.com\/wp-content\/uploads\/2025\/08\/HQ1.jpg\",\"width\":1500,\"height\":1500,\"caption\":\"Apapacho Fest\"},\"image\":{\"@id\":\"https:\/\/apapachofest.com\/#\/schema\/logo\/image\/\"},\"sameAs\":[\"https:\/\/www.facebook.com\/apapachofest\/\",\"https:\/\/www.instagram.com\/apapachofest\/\"]}]}<\/script>\n<!-- \/ Yoast SEO plugin. -->","yoast_head_json":{"title":"Reserva Voluntarios - Apapacho Festival","robots":{"index":"index","follow":"follow","max-snippet":"max-snippet:-1","max-image-preview":"max-image-preview:large","max-video-preview":"max-video-preview:-1"},"canonical":"https:\/\/apapachofest.com\/index.php\/reserva-voluntarios\/","og_locale":"es_ES","og_type":"article","og_title":"Reserva Voluntarios - Apapacho Festival","og_description":"Bienvenido@ al equipo de voluntarios\/as!Haz tu reserva siguiendo los pasos que se indican m\u00e1s abajo :)Habitaci\u00f3n Grupal | Ba\u00f1o compartido\u00a13 plazas disponibles!Precio Especial para Voluntarios\/as:350\u20acEsta opci\u00f3n incluye: Alojamiento en habitaci\u00f3n grupal con ba\u00f1o compartido. Pensi\u00f3n completa en el comedor exterior durante los 7 d\u00edas del evento. Acceso libre a la piscina de agua termal en [&hellip;]","og_url":"https:\/\/apapachofest.com\/index.php\/reserva-voluntarios\/","og_site_name":"Apapacho Festival","article_publisher":"https:\/\/www.facebook.com\/apapachofest\/","article_modified_time":"2026-03-10T09:04:41+00:00","twitter_card":"summary_large_image","twitter_misc":{"Tiempo de lectura":"2 minutos"},"schema":{"@context":"https:\/\/schema.org","@graph":[{"@type":"WebPage","@id":"https:\/\/apapachofest.com\/index.php\/reserva-voluntarios\/","url":"https:\/\/apapachofest.com\/index.php\/reserva-voluntarios\/","name":"Reserva Voluntarios - Apapacho Festival","isPartOf":{"@id":"https:\/\/apapachofest.com\/#website"},"datePublished":"2026-02-04T10:43:02+00:00","dateModified":"2026-03-10T09:04:41+00:00","breadcrumb":{"@id":"https:\/\/apapachofest.com\/index.php\/reserva-voluntarios\/#breadcrumb"},"inLanguage":"es","potentialAction":[{"@type":"ReadAction","target":["https:\/\/apapachofest.com\/index.php\/reserva-voluntarios\/"]}]},{"@type":"BreadcrumbList","@id":"https:\/\/apapachofest.com\/index.php\/reserva-voluntarios\/#breadcrumb","itemListElement":[{"@type":"ListItem","position":1,"name":"Portada","item":"https:\/\/apapachofest.com\/"},{"@type":"ListItem","position":2,"name":"Reserva Voluntarios"}]},{"@type":"WebSite","@id":"https:\/\/apapachofest.com\/#website","url":"https:\/\/apapachofest.com\/","name":"Apapacho Fest","description":"El Mayor Festival de Habla Hispana sobre Relaciones Conscientes","publisher":{"@id":"https:\/\/apapachofest.com\/#organization"},"potentialAction":[{"@type":"SearchAction","target":{"@type":"EntryPoint","urlTemplate":"https:\/\/apapachofest.com\/?s={search_term_string}"},"query-input":{"@type":"PropertyValueSpecification","valueRequired":true,"valueName":"search_term_string"}}],"inLanguage":"es"},{"@type":"Organization","@id":"https:\/\/apapachofest.com\/#organization","name":"Apapacho Fest","url":"https:\/\/apapachofest.com\/","logo":{"@type":"ImageObject","inLanguage":"es","@id":"https:\/\/apapachofest.com\/#\/schema\/logo\/image\/","url":"https:\/\/apapachofest.com\/wp-content\/uploads\/2025\/08\/HQ1.jpg","contentUrl":"https:\/\/apapachofest.com\/wp-content\/uploads\/2025\/08\/HQ1.jpg","width":1500,"height":1500,"caption":"Apapacho Fest"},"image":{"@id":"https:\/\/apapachofest.com\/#\/schema\/logo\/image\/"},"sameAs":["https:\/\/www.facebook.com\/apapachofest\/","https:\/\/www.instagram.com\/apapachofest\/"]}]}},"_links":{"self":[{"href":"https:\/\/apapachofest.com\/index.php\/wp-json\/wp\/v2\/pages\/41441","targetHints":{"allow":["GET"]}}],"collection":[{"href":"https:\/\/apapachofest.com\/index.php\/wp-json\/wp\/v2\/pages"}],"about":[{"href":"https:\/\/apapachofest.com\/index.php\/wp-json\/wp\/v2\/types\/page"}],"author":[{"embeddable":true,"href":"https:\/\/apapachofest.com\/index.php\/wp-json\/wp\/v2\/users\/1"}],"replies":[{"embeddable":true,"href":"https:\/\/apapachofest.com\/index.php\/wp-json\/wp\/v2\/comments?post=41441"}],"version-history":[{"count":8,"href":"https:\/\/apapachofest.com\/index.php\/wp-json\/wp\/v2\/pages\/41441\/revisions"}],"predecessor-version":[{"id":41645,"href":"https:\/\/apapachofest.com\/index.php\/wp-json\/wp\/v2\/pages\/41441\/revisions\/41645"}],"wp:attachment":[{"href":"https:\/\/apapachofest.com\/index.php\/wp-json\/wp\/v2\/media?parent=41441"}],"curies":[{"name":"wp","href":"https:\/\/api.w.org\/{rel}","templated":true}]}}