{"id":39594,"date":"2024-12-08T09:53:53","date_gmt":"2024-12-08T09:53:53","guid":{"rendered":"https:\/\/apapachofest.com\/?page_id=39594"},"modified":"2026-02-25T12:06:49","modified_gmt":"2026-02-25T12:06:49","slug":"aplica-como-voluntario","status":"publish","type":"page","link":"https:\/\/apapachofest.com\/index.php\/aplica-como-voluntario\/","title":{"rendered":"Aplica como voluntario"},"content":{"rendered":"<p>[et_pb_section fb_built=\u00bb1&#8243; admin_label=\u00bbContact Info Section\u00bb _builder_version=\u00bb4.16&#8243; background_color=\u00bb#fafbfc\u00bb custom_padding=\u00bb0px|0px|20px|0px|false|false\u00bb global_colors_info=\u00bb{}\u00bb][et_pb_row _builder_version=\u00bb4.16&#8243; width_tablet=\u00bb\u00bb width_phone=\u00bb90%\u00bb width_last_edited=\u00bbon|phone\u00bb custom_padding=\u00bb||35px|||\u00bb global_colors_info=\u00bb{}\u00bb][et_pb_column type=\u00bb4_4&#8243; _builder_version=\u00bb4.16&#8243; custom_padding=\u00bb|||\u00bb global_colors_info=\u00bb{}\u00bb custom_padding__hover=\u00bb|||\u00bb][et_pb_image src=\u00bbhttps:\/\/apapachofest.com\/wp-content\/uploads\/2024\/02\/logo-web-apapacho-fest.png\u00bb title_text=\u00bblogo-web-apapacho-fest\u00bb align=\u00bbcenter\u00bb _builder_version=\u00bb4.23.1&#8243; width=\u00bb11%\u00bb width_tablet=\u00bb\u00bb width_phone=\u00bb37%\u00bb width_last_edited=\u00bbon|phone\u00bb custom_margin=\u00bb||0px||false|false\u00bb global_colors_info=\u00bb{}\u00bb][\/et_pb_image][et_pb_text _builder_version=\u00bb4.23.1&#8243; text_font=\u00bb||||||||\u00bb header_font=\u00bbRebel Kids||||||||\u00bb header_3_font=\u00bbRebel Kids||||||||\u00bb header_3_text_color=\u00bb#000000&#8243; header_3_font_size=\u00bb43px\u00bb header_3_line_height=\u00bb1.2em\u00bb text_orientation=\u00bbcenter\u00bb custom_margin=\u00bb8px||9px|||\u00bb header_3_font_size_tablet=\u00bb\u00bb header_3_font_size_phone=\u00bb26px\u00bb header_3_font_size_last_edited=\u00bbon|phone\u00bb locked=\u00bboff\u00bb global_colors_info=\u00bb{}\u00bb]<\/p>\n<h3>\u00a1Gracias por querer unirte a la tribu del APAPACHO FEST!<\/h3>\n<p>[\/et_pb_text][et_pb_text _builder_version=\u00bb4.23.1&#8243; text_font=\u00bbRoboto Flex||||||||\u00bb text_text_color=\u00bb#000000&#8243; text_font_size=\u00bb18px\u00bb header_font=\u00bb||||||||\u00bb text_orientation=\u00bbcenter\u00bb max_width=\u00bb600px\u00bb module_alignment=\u00bbcenter\u00bb custom_margin_tablet=\u00bb\u00bb custom_margin_phone=\u00bb-10px||||false|false\u00bb custom_margin_last_edited=\u00bbon|phone\u00bb text_font_size_tablet=\u00bb18px\u00bb text_font_size_phone=\u00bb16px\u00bb text_font_size_last_edited=\u00bbon|tablet\u00bb global_colors_info=\u00bb{}\u00bb]<\/p>\n<p>Cu\u00e9ntanos un poco m\u00e1s sobre ti y nos pondremos en contacto contigo<\/p>\n<p><strong>Es imprescindible rellenar todos los datos si no el formulario no se podr\u00e1 enviar.<\/strong><\/p>\n<p>[\/et_pb_text][\/et_pb_column][\/et_pb_row][et_pb_row _builder_version=\u00bb4.23.1&#8243; width_tablet=\u00bb\u00bb width_phone=\u00bb95%\u00bb width_last_edited=\u00bbon|phone\u00bb max_width=\u00bb95%\u00bb custom_margin=\u00bb-19px|auto||auto||\u00bb custom_margin_tablet=\u00bb\u00bb custom_margin_phone=\u00bb-40px|auto||auto|false|false\u00bb custom_margin_last_edited=\u00bbon|phone\u00bb global_colors_info=\u00bb{}\u00bb][et_pb_column type=\u00bb4_4&#8243; _builder_version=\u00bb4.16&#8243; custom_padding=\u00bb|||\u00bb global_colors_info=\u00bb{}\u00bb custom_padding__hover=\u00bb|||\u00bb][et_pb_contact_form captcha=\u00bboff\u00bb email=\u00bbreservas@apapachofest.com\u00bb custom_message=\u00bbMi nombre es %%Name%%||et_pb_line_break_holder||Mi ciudad es %%ciudad%% ||et_pb_line_break_holder||Mi tel\u00e9fono es %%telefono%% ||et_pb_line_break_holder||Mi email es %%Email%% ||et_pb_line_break_holder||\u00bfDe donde eres? %%ciudad%% ||et_pb_line_break_holder||\u00bfQu\u00e9 edad tienes? %%edad%% ||et_pb_line_break_holder||\u00bfHas participado en otro festivales con voluntari@? \u00bfCu\u00e1les?  %%participacion%% ||et_pb_line_break_holder||\u00bfPor qu\u00e9 quieres venir como voluntari@ al festival? %%intencion%% ||et_pb_line_break_holder||Cu\u00e9ntanos lo que crees que podr\u00edas aportar al festival con tu participaci\u00f3n %%Message%% ||et_pb_line_break_holder||\u00c1reas: %%areas%% \u00bb use_redirect=\u00bbon\u00bb redirect_url=\u00bbhttps:\/\/apapachofest.com\/index.php\/bienvenid\u00bb submit_button_text=\u00bbEnviar solicitud\u00bb _builder_version=\u00bb4.27.5&#8243; _unique_id=\u00bb24e75a25-1caf-4005-9dd3-468784ecdceb\u00bb form_field_background_color=\u00bb#ffffff\u00bb form_field_text_color=\u00bb#444444&#8243; form_field_custom_margin=\u00bb10px||10px||true|false\u00bb form_field_font=\u00bbRoboto Flex||||||||\u00bb custom_button=\u00bbon\u00bb button_text_size=\u00bb16px\u00bb button_text_color=\u00bb#FFFFFF\u00bb button_bg_color=\u00bb#b04c30&#8243; button_border_width=\u00bb0px\u00bb button_border_color=\u00bb#E09900&#8243; button_border_radius=\u00bb25px\u00bb button_font=\u00bbRoboto|700|||||||\u00bb button_icon=\u00bb&#xf658;||fa||900&#8243; button_on_hover=\u00bboff\u00bb button_custom_margin=\u00bb20px||||false|false\u00bb border_radii=\u00bbon|5px|5px|5px|5px\u00bb border_width_all=\u00bb1px\u00bb border_color_all=\u00bb#e0e0e0&#8243; form_background_color=\u00bb#ffffff\u00bb global_colors_info=\u00bb{}\u00bb][et_pb_contact_field field_id=\u00bbName\u00bb field_title=\u00bbNombre y apellido\u00bb _builder_version=\u00bb4.19.4&#8243; global_colors_info=\u00bb{}\u00bb button_text_size__hover_enabled=\u00bboff\u00bb button_one_text_size__hover_enabled=\u00bboff\u00bb button_two_text_size__hover_enabled=\u00bboff\u00bb button_text_color__hover_enabled=\u00bboff\u00bb button_one_text_color__hover_enabled=\u00bboff\u00bb button_two_text_color__hover_enabled=\u00bboff\u00bb button_border_width__hover_enabled=\u00bboff\u00bb button_one_border_width__hover_enabled=\u00bboff\u00bb button_two_border_width__hover_enabled=\u00bboff\u00bb button_border_color__hover_enabled=\u00bboff\u00bb button_one_border_color__hover_enabled=\u00bboff\u00bb button_two_border_color__hover_enabled=\u00bboff\u00bb button_border_radius__hover_enabled=\u00bboff\u00bb button_one_border_radius__hover_enabled=\u00bboff\u00bb button_two_border_radius__hover_enabled=\u00bboff\u00bb button_letter_spacing__hover_enabled=\u00bboff\u00bb button_one_letter_spacing__hover_enabled=\u00bboff\u00bb button_two_letter_spacing__hover_enabled=\u00bboff\u00bb button_bg_color__hover_enabled=\u00bboff\u00bb button_one_bg_color__hover_enabled=\u00bboff\u00bb button_two_bg_color__hover_enabled=\u00bboff\u00bb][\/et_pb_contact_field][et_pb_contact_field field_id=\u00bbEmail\u00bb field_title=\u00bbDirecci\u00f3n de correo electr\u00f3nico\u00bb field_type=\u00bbemail\u00bb _builder_version=\u00bb4.16&#8243; global_colors_info=\u00bb{}\u00bb button_text_size__hover_enabled=\u00bboff\u00bb button_one_text_size__hover_enabled=\u00bboff\u00bb button_two_text_size__hover_enabled=\u00bboff\u00bb button_text_color__hover_enabled=\u00bboff\u00bb button_one_text_color__hover_enabled=\u00bboff\u00bb button_two_text_color__hover_enabled=\u00bboff\u00bb button_border_width__hover_enabled=\u00bboff\u00bb button_one_border_width__hover_enabled=\u00bboff\u00bb button_two_border_width__hover_enabled=\u00bboff\u00bb button_border_color__hover_enabled=\u00bboff\u00bb button_one_border_color__hover_enabled=\u00bboff\u00bb button_two_border_color__hover_enabled=\u00bboff\u00bb button_border_radius__hover_enabled=\u00bboff\u00bb button_one_border_radius__hover_enabled=\u00bboff\u00bb button_two_border_radius__hover_enabled=\u00bboff\u00bb button_letter_spacing__hover_enabled=\u00bboff\u00bb button_one_letter_spacing__hover_enabled=\u00bboff\u00bb button_two_letter_spacing__hover_enabled=\u00bboff\u00bb button_bg_color__hover_enabled=\u00bboff\u00bb button_one_bg_color__hover_enabled=\u00bboff\u00bb button_two_bg_color__hover_enabled=\u00bboff\u00bb][\/et_pb_contact_field][et_pb_contact_field field_id=\u00bbtelefono\u00bb field_title=\u00bbTel\u00e9fono de contacto\u00bb _builder_version=\u00bb4.16&#8243; global_colors_info=\u00bb{}\u00bb button_text_size__hover_enabled=\u00bboff\u00bb button_one_text_size__hover_enabled=\u00bboff\u00bb button_two_text_size__hover_enabled=\u00bboff\u00bb button_text_color__hover_enabled=\u00bboff\u00bb button_one_text_color__hover_enabled=\u00bboff\u00bb button_two_text_color__hover_enabled=\u00bboff\u00bb button_border_width__hover_enabled=\u00bboff\u00bb button_one_border_width__hover_enabled=\u00bboff\u00bb button_two_border_width__hover_enabled=\u00bboff\u00bb button_border_color__hover_enabled=\u00bboff\u00bb button_one_border_color__hover_enabled=\u00bboff\u00bb button_two_border_color__hover_enabled=\u00bboff\u00bb button_border_radius__hover_enabled=\u00bboff\u00bb button_one_border_radius__hover_enabled=\u00bboff\u00bb button_two_border_radius__hover_enabled=\u00bboff\u00bb button_letter_spacing__hover_enabled=\u00bboff\u00bb button_one_letter_spacing__hover_enabled=\u00bboff\u00bb button_two_letter_spacing__hover_enabled=\u00bboff\u00bb button_bg_color__hover_enabled=\u00bboff\u00bb button_one_bg_color__hover_enabled=\u00bboff\u00bb button_two_bg_color__hover_enabled=\u00bboff\u00bb][\/et_pb_contact_field][et_pb_contact_field field_id=\u00bbciudad\u00bb field_title=\u00bb\u00bfDe donde eres?\u00bb _builder_version=\u00bb4.27.4&#8243; global_colors_info=\u00bb{}\u00bb button_text_size__hover_enabled=\u00bboff\u00bb button_one_text_size__hover_enabled=\u00bboff\u00bb button_two_text_size__hover_enabled=\u00bboff\u00bb button_text_color__hover_enabled=\u00bboff\u00bb button_one_text_color__hover_enabled=\u00bboff\u00bb button_two_text_color__hover_enabled=\u00bboff\u00bb button_border_width__hover_enabled=\u00bboff\u00bb button_one_border_width__hover_enabled=\u00bboff\u00bb button_two_border_width__hover_enabled=\u00bboff\u00bb button_border_color__hover_enabled=\u00bboff\u00bb button_one_border_color__hover_enabled=\u00bboff\u00bb button_two_border_color__hover_enabled=\u00bboff\u00bb button_border_radius__hover_enabled=\u00bboff\u00bb button_one_border_radius__hover_enabled=\u00bboff\u00bb button_two_border_radius__hover_enabled=\u00bboff\u00bb button_letter_spacing__hover_enabled=\u00bboff\u00bb button_one_letter_spacing__hover_enabled=\u00bboff\u00bb button_two_letter_spacing__hover_enabled=\u00bboff\u00bb button_bg_color__hover_enabled=\u00bboff\u00bb button_one_bg_color__hover_enabled=\u00bboff\u00bb button_two_bg_color__hover_enabled=\u00bboff\u00bb][\/et_pb_contact_field][et_pb_contact_field field_id=\u00bbedad\u00bb field_title=\u00bb\u00bfQu\u00e9 edad tienes?\u00bb _builder_version=\u00bb4.16&#8243; global_colors_info=\u00bb{}\u00bb button_text_size__hover_enabled=\u00bboff\u00bb button_one_text_size__hover_enabled=\u00bboff\u00bb button_two_text_size__hover_enabled=\u00bboff\u00bb button_text_color__hover_enabled=\u00bboff\u00bb button_one_text_color__hover_enabled=\u00bboff\u00bb button_two_text_color__hover_enabled=\u00bboff\u00bb button_border_width__hover_enabled=\u00bboff\u00bb button_one_border_width__hover_enabled=\u00bboff\u00bb button_two_border_width__hover_enabled=\u00bboff\u00bb button_border_color__hover_enabled=\u00bboff\u00bb button_one_border_color__hover_enabled=\u00bboff\u00bb button_two_border_color__hover_enabled=\u00bboff\u00bb button_border_radius__hover_enabled=\u00bboff\u00bb button_one_border_radius__hover_enabled=\u00bboff\u00bb button_two_border_radius__hover_enabled=\u00bboff\u00bb button_letter_spacing__hover_enabled=\u00bboff\u00bb button_one_letter_spacing__hover_enabled=\u00bboff\u00bb button_two_letter_spacing__hover_enabled=\u00bboff\u00bb button_bg_color__hover_enabled=\u00bboff\u00bb button_one_bg_color__hover_enabled=\u00bboff\u00bb button_two_bg_color__hover_enabled=\u00bboff\u00bb][\/et_pb_contact_field][et_pb_contact_field field_id=\u00bbparticipacion\u00bb field_title=\u00bb\u00bfHas participado en otro festivales con voluntari@? \u00bfCu\u00e1les? \u00bb _builder_version=\u00bb4.27.4&#8243; global_colors_info=\u00bb{}\u00bb button_text_size__hover_enabled=\u00bboff\u00bb button_one_text_size__hover_enabled=\u00bboff\u00bb button_two_text_size__hover_enabled=\u00bboff\u00bb button_text_color__hover_enabled=\u00bboff\u00bb button_one_text_color__hover_enabled=\u00bboff\u00bb button_two_text_color__hover_enabled=\u00bboff\u00bb button_border_width__hover_enabled=\u00bboff\u00bb button_one_border_width__hover_enabled=\u00bboff\u00bb button_two_border_width__hover_enabled=\u00bboff\u00bb button_border_color__hover_enabled=\u00bboff\u00bb button_one_border_color__hover_enabled=\u00bboff\u00bb button_two_border_color__hover_enabled=\u00bboff\u00bb button_border_radius__hover_enabled=\u00bboff\u00bb button_one_border_radius__hover_enabled=\u00bboff\u00bb button_two_border_radius__hover_enabled=\u00bboff\u00bb button_letter_spacing__hover_enabled=\u00bboff\u00bb button_one_letter_spacing__hover_enabled=\u00bboff\u00bb button_two_letter_spacing__hover_enabled=\u00bboff\u00bb button_bg_color__hover_enabled=\u00bboff\u00bb button_one_bg_color__hover_enabled=\u00bboff\u00bb button_two_bg_color__hover_enabled=\u00bboff\u00bb][\/et_pb_contact_field][et_pb_contact_field field_id=\u00bbintencion\u00bb field_title=\u00bbPor qu\u00e9 quieres venir como voluntari@ al festival? \u00bb field_type=\u00bbtext\u00bb fullwidth_field=\u00bbon\u00bb _builder_version=\u00bb4.27.4&#8243; global_colors_info=\u00bb{}\u00bb button_text_size__hover_enabled=\u00bboff\u00bb button_one_text_size__hover_enabled=\u00bboff\u00bb button_two_text_size__hover_enabled=\u00bboff\u00bb button_text_color__hover_enabled=\u00bboff\u00bb button_one_text_color__hover_enabled=\u00bboff\u00bb button_two_text_color__hover_enabled=\u00bboff\u00bb button_border_width__hover_enabled=\u00bboff\u00bb button_one_border_width__hover_enabled=\u00bboff\u00bb button_two_border_width__hover_enabled=\u00bboff\u00bb button_border_color__hover_enabled=\u00bboff\u00bb button_one_border_color__hover_enabled=\u00bboff\u00bb button_two_border_color__hover_enabled=\u00bboff\u00bb button_border_radius__hover_enabled=\u00bboff\u00bb button_one_border_radius__hover_enabled=\u00bboff\u00bb button_two_border_radius__hover_enabled=\u00bboff\u00bb button_letter_spacing__hover_enabled=\u00bboff\u00bb button_one_letter_spacing__hover_enabled=\u00bboff\u00bb button_two_letter_spacing__hover_enabled=\u00bboff\u00bb button_bg_color__hover_enabled=\u00bboff\u00bb button_one_bg_color__hover_enabled=\u00bboff\u00bb button_two_bg_color__hover_enabled=\u00bboff\u00bb][\/et_pb_contact_field][et_pb_contact_field field_id=\u00bbMessage\u00bb field_title=\u00bbCu\u00e9ntanos lo que crees que podr\u00edas aportar al festival con tu participaci\u00f3n\u00bb field_type=\u00bbtext\u00bb fullwidth_field=\u00bbon\u00bb _builder_version=\u00bb4.27.4&#8243; global_colors_info=\u00bb{}\u00bb button_text_size__hover_enabled=\u00bboff\u00bb button_one_text_size__hover_enabled=\u00bboff\u00bb button_two_text_size__hover_enabled=\u00bboff\u00bb button_text_color__hover_enabled=\u00bboff\u00bb button_one_text_color__hover_enabled=\u00bboff\u00bb button_two_text_color__hover_enabled=\u00bboff\u00bb button_border_width__hover_enabled=\u00bboff\u00bb button_one_border_width__hover_enabled=\u00bboff\u00bb button_two_border_width__hover_enabled=\u00bboff\u00bb button_border_color__hover_enabled=\u00bboff\u00bb button_one_border_color__hover_enabled=\u00bboff\u00bb button_two_border_color__hover_enabled=\u00bboff\u00bb button_border_radius__hover_enabled=\u00bboff\u00bb button_one_border_radius__hover_enabled=\u00bboff\u00bb button_two_border_radius__hover_enabled=\u00bboff\u00bb button_letter_spacing__hover_enabled=\u00bboff\u00bb button_one_letter_spacing__hover_enabled=\u00bboff\u00bb button_two_letter_spacing__hover_enabled=\u00bboff\u00bb button_bg_color__hover_enabled=\u00bboff\u00bb button_one_bg_color__hover_enabled=\u00bboff\u00bb button_two_bg_color__hover_enabled=\u00bboff\u00bb][\/et_pb_contact_field][et_pb_contact_field field_id=\u00bbareas\u00bb field_title=\u00bb\u00bfHay alg\u00fan \u00e1rea en la que te desenvuelves mejor o alguna funci\u00f3n concreta que te gustar\u00eda desempe\u00f1ar?\u00bb field_type=\u00bbtext\u00bb fullwidth_field=\u00bbon\u00bb _builder_version=\u00bb4.27.4&#8243; global_colors_info=\u00bb{}\u00bb button_text_size__hover_enabled=\u00bboff\u00bb button_one_text_size__hover_enabled=\u00bboff\u00bb button_two_text_size__hover_enabled=\u00bboff\u00bb button_text_color__hover_enabled=\u00bboff\u00bb button_one_text_color__hover_enabled=\u00bboff\u00bb button_two_text_color__hover_enabled=\u00bboff\u00bb button_border_width__hover_enabled=\u00bboff\u00bb button_one_border_width__hover_enabled=\u00bboff\u00bb button_two_border_width__hover_enabled=\u00bboff\u00bb button_border_color__hover_enabled=\u00bboff\u00bb button_one_border_color__hover_enabled=\u00bboff\u00bb button_two_border_color__hover_enabled=\u00bboff\u00bb button_border_radius__hover_enabled=\u00bboff\u00bb button_one_border_radius__hover_enabled=\u00bboff\u00bb button_two_border_radius__hover_enabled=\u00bboff\u00bb button_letter_spacing__hover_enabled=\u00bboff\u00bb button_one_letter_spacing__hover_enabled=\u00bboff\u00bb button_two_letter_spacing__hover_enabled=\u00bboff\u00bb button_bg_color__hover_enabled=\u00bboff\u00bb button_one_bg_color__hover_enabled=\u00bboff\u00bb button_two_bg_color__hover_enabled=\u00bboff\u00bb][\/et_pb_contact_field][\/et_pb_contact_form][\/et_pb_column][\/et_pb_row][\/et_pb_section][et_pb_section fb_built=\u00bb1&#8243; _builder_version=\u00bb4.23.1&#8243; background_color=\u00bb#004441&#8243; custom_padding=\u00bb0px|0px|0|0px|false|false\u00bb locked=\u00bboff\u00bb global_colors_info=\u00bb{}\u00bb][et_pb_row _builder_version=\u00bb4.16&#8243; global_colors_info=\u00bb{}\u00bb][et_pb_column type=\u00bb4_4&#8243; _builder_version=\u00bb4.16&#8243; custom_padding=\u00bb|||\u00bb global_colors_info=\u00bb{}\u00bb custom_padding__hover=\u00bb|||\u00bb][et_pb_text _builder_version=\u00bb4.23.1&#8243; text_font=\u00bb||||||||\u00bb text_text_color=\u00bb#ffffff\u00bb global_colors_info=\u00bb{}\u00bb]<\/p>\n<p style=\"text-align: center;\"><span>Apapacho Festival 2024 \u00ae | Un Festival Organizado por Solteros Conscientes<\/span><\/p>\n<p>[\/et_pb_text][\/et_pb_column][\/et_pb_row][\/et_pb_section]<\/p>\n","protected":false},"excerpt":{"rendered":"<p>\u00a1Gracias por querer unirte a la tribu del APAPACHO FEST!Cu\u00e9ntanos un poco m\u00e1s sobre ti y nos pondremos en contacto contigo Es imprescindible rellenar todos los datos si no el formulario no se podr\u00e1 enviar.Apapacho Festival 2024 \u00ae | Un Festival Organizado por Solteros Conscientes<\/p>\n","protected":false},"author":1,"featured_media":0,"parent":0,"menu_order":0,"comment_status":"closed","ping_status":"closed","template":"page-template-blank.php","meta":{"_et_pb_use_builder":"on","_et_pb_old_content":"","_et_gb_content_width":"","footnotes":""},"class_list":["post-39594","page","type-page","status-publish","hentry"],"yoast_head":"<!-- This site is optimized with the Yoast SEO plugin v27.4 - https:\/\/yoast.com\/product\/yoast-seo-wordpress\/ -->\n<title>Aplica como voluntario - Apapacho Festival<\/title>\n<meta name=\"robots\" content=\"noindex, nofollow\" \/>\n<meta property=\"og:locale\" content=\"es_ES\" \/>\n<meta property=\"og:type\" content=\"article\" \/>\n<meta property=\"og:title\" content=\"Aplica como voluntario - Apapacho Festival\" \/>\n<meta property=\"og:description\" content=\"\u00a1Gracias por querer unirte a la tribu del APAPACHO FEST!Cu\u00e9ntanos un poco m\u00e1s sobre ti y nos pondremos en contacto contigo Es imprescindible rellenar todos los datos si no el formulario no se podr\u00e1 enviar.Apapacho Festival 2024 \u00ae | Un Festival Organizado por Solteros Conscientes\" \/>\n<meta property=\"og:url\" content=\"https:\/\/apapachofest.com\/index.php\/aplica-como-voluntario\/\" \/>\n<meta property=\"og:site_name\" content=\"Apapacho Festival\" \/>\n<meta property=\"article:publisher\" content=\"https:\/\/www.facebook.com\/apapachofest\/\" \/>\n<meta property=\"article:modified_time\" content=\"2026-02-25T12:06:49+00:00\" \/>\n<meta name=\"twitter:card\" content=\"summary_large_image\" \/>\n<meta name=\"twitter:label1\" content=\"Tiempo de lectura\" \/>\n\t<meta name=\"twitter:data1\" content=\"1 minuto\" \/>\n<script type=\"application\/ld+json\" class=\"yoast-schema-graph\">{\"@context\":\"https:\\\/\\\/schema.org\",\"@graph\":[{\"@type\":\"WebPage\",\"@id\":\"https:\\\/\\\/apapachofest.com\\\/index.php\\\/aplica-como-voluntario\\\/\",\"url\":\"https:\\\/\\\/apapachofest.com\\\/index.php\\\/aplica-como-voluntario\\\/\",\"name\":\"Aplica como voluntario - Apapacho Festival\",\"isPartOf\":{\"@id\":\"https:\\\/\\\/apapachofest.com\\\/#website\"},\"datePublished\":\"2024-12-08T09:53:53+00:00\",\"dateModified\":\"2026-02-25T12:06:49+00:00\",\"breadcrumb\":{\"@id\":\"https:\\\/\\\/apapachofest.com\\\/index.php\\\/aplica-como-voluntario\\\/#breadcrumb\"},\"inLanguage\":\"es\",\"potentialAction\":[{\"@type\":\"ReadAction\",\"target\":[\"https:\\\/\\\/apapachofest.com\\\/index.php\\\/aplica-como-voluntario\\\/\"]}]},{\"@type\":\"BreadcrumbList\",\"@id\":\"https:\\\/\\\/apapachofest.com\\\/index.php\\\/aplica-como-voluntario\\\/#breadcrumb\",\"itemListElement\":[{\"@type\":\"ListItem\",\"position\":1,\"name\":\"Portada\",\"item\":\"https:\\\/\\\/apapachofest.com\\\/\"},{\"@type\":\"ListItem\",\"position\":2,\"name\":\"Aplica como voluntario\"}]},{\"@type\":\"WebSite\",\"@id\":\"https:\\\/\\\/apapachofest.com\\\/#website\",\"url\":\"https:\\\/\\\/apapachofest.com\\\/\",\"name\":\"Apapacho Fest\",\"description\":\"El Mayor Festival de Habla Hispana sobre Relaciones Conscientes\",\"publisher\":{\"@id\":\"https:\\\/\\\/apapachofest.com\\\/#organization\"},\"potentialAction\":[{\"@type\":\"SearchAction\",\"target\":{\"@type\":\"EntryPoint\",\"urlTemplate\":\"https:\\\/\\\/apapachofest.com\\\/?s={search_term_string}\"},\"query-input\":{\"@type\":\"PropertyValueSpecification\",\"valueRequired\":true,\"valueName\":\"search_term_string\"}}],\"inLanguage\":\"es\"},{\"@type\":\"Organization\",\"@id\":\"https:\\\/\\\/apapachofest.com\\\/#organization\",\"name\":\"Apapacho Fest\",\"url\":\"https:\\\/\\\/apapachofest.com\\\/\",\"logo\":{\"@type\":\"ImageObject\",\"inLanguage\":\"es\",\"@id\":\"https:\\\/\\\/apapachofest.com\\\/#\\\/schema\\\/logo\\\/image\\\/\",\"url\":\"https:\\\/\\\/apapachofest.com\\\/wp-content\\\/uploads\\\/2025\\\/08\\\/HQ1.jpg\",\"contentUrl\":\"https:\\\/\\\/apapachofest.com\\\/wp-content\\\/uploads\\\/2025\\\/08\\\/HQ1.jpg\",\"width\":1500,\"height\":1500,\"caption\":\"Apapacho Fest\"},\"image\":{\"@id\":\"https:\\\/\\\/apapachofest.com\\\/#\\\/schema\\\/logo\\\/image\\\/\"},\"sameAs\":[\"https:\\\/\\\/www.facebook.com\\\/apapachofest\\\/\",\"https:\\\/\\\/www.instagram.com\\\/apapachofest\\\/\"]}]}<\/script>\n<!-- \/ Yoast SEO plugin. -->","yoast_head_json":{"title":"Aplica como voluntario - Apapacho Festival","robots":{"index":"noindex","follow":"nofollow"},"og_locale":"es_ES","og_type":"article","og_title":"Aplica como voluntario - Apapacho Festival","og_description":"\u00a1Gracias por querer unirte a la tribu del APAPACHO FEST!Cu\u00e9ntanos un poco m\u00e1s sobre ti y nos pondremos en contacto contigo Es imprescindible rellenar todos los datos si no el formulario no se podr\u00e1 enviar.Apapacho Festival 2024 \u00ae | Un Festival Organizado por Solteros Conscientes","og_url":"https:\/\/apapachofest.com\/index.php\/aplica-como-voluntario\/","og_site_name":"Apapacho Festival","article_publisher":"https:\/\/www.facebook.com\/apapachofest\/","article_modified_time":"2026-02-25T12:06:49+00:00","twitter_card":"summary_large_image","twitter_misc":{"Tiempo de lectura":"1 minuto"},"schema":{"@context":"https:\/\/schema.org","@graph":[{"@type":"WebPage","@id":"https:\/\/apapachofest.com\/index.php\/aplica-como-voluntario\/","url":"https:\/\/apapachofest.com\/index.php\/aplica-como-voluntario\/","name":"Aplica como voluntario - Apapacho Festival","isPartOf":{"@id":"https:\/\/apapachofest.com\/#website"},"datePublished":"2024-12-08T09:53:53+00:00","dateModified":"2026-02-25T12:06:49+00:00","breadcrumb":{"@id":"https:\/\/apapachofest.com\/index.php\/aplica-como-voluntario\/#breadcrumb"},"inLanguage":"es","potentialAction":[{"@type":"ReadAction","target":["https:\/\/apapachofest.com\/index.php\/aplica-como-voluntario\/"]}]},{"@type":"BreadcrumbList","@id":"https:\/\/apapachofest.com\/index.php\/aplica-como-voluntario\/#breadcrumb","itemListElement":[{"@type":"ListItem","position":1,"name":"Portada","item":"https:\/\/apapachofest.com\/"},{"@type":"ListItem","position":2,"name":"Aplica como voluntario"}]},{"@type":"WebSite","@id":"https:\/\/apapachofest.com\/#website","url":"https:\/\/apapachofest.com\/","name":"Apapacho Fest","description":"El Mayor Festival de Habla Hispana sobre Relaciones Conscientes","publisher":{"@id":"https:\/\/apapachofest.com\/#organization"},"potentialAction":[{"@type":"SearchAction","target":{"@type":"EntryPoint","urlTemplate":"https:\/\/apapachofest.com\/?s={search_term_string}"},"query-input":{"@type":"PropertyValueSpecification","valueRequired":true,"valueName":"search_term_string"}}],"inLanguage":"es"},{"@type":"Organization","@id":"https:\/\/apapachofest.com\/#organization","name":"Apapacho Fest","url":"https:\/\/apapachofest.com\/","logo":{"@type":"ImageObject","inLanguage":"es","@id":"https:\/\/apapachofest.com\/#\/schema\/logo\/image\/","url":"https:\/\/apapachofest.com\/wp-content\/uploads\/2025\/08\/HQ1.jpg","contentUrl":"https:\/\/apapachofest.com\/wp-content\/uploads\/2025\/08\/HQ1.jpg","width":1500,"height":1500,"caption":"Apapacho Fest"},"image":{"@id":"https:\/\/apapachofest.com\/#\/schema\/logo\/image\/"},"sameAs":["https:\/\/www.facebook.com\/apapachofest\/","https:\/\/www.instagram.com\/apapachofest\/"]}]}},"_links":{"self":[{"href":"https:\/\/apapachofest.com\/index.php\/wp-json\/wp\/v2\/pages\/39594","targetHints":{"allow":["GET"]}}],"collection":[{"href":"https:\/\/apapachofest.com\/index.php\/wp-json\/wp\/v2\/pages"}],"about":[{"href":"https:\/\/apapachofest.com\/index.php\/wp-json\/wp\/v2\/types\/page"}],"author":[{"embeddable":true,"href":"https:\/\/apapachofest.com\/index.php\/wp-json\/wp\/v2\/users\/1"}],"replies":[{"embeddable":true,"href":"https:\/\/apapachofest.com\/index.php\/wp-json\/wp\/v2\/comments?post=39594"}],"version-history":[{"count":7,"href":"https:\/\/apapachofest.com\/index.php\/wp-json\/wp\/v2\/pages\/39594\/revisions"}],"predecessor-version":[{"id":41516,"href":"https:\/\/apapachofest.com\/index.php\/wp-json\/wp\/v2\/pages\/39594\/revisions\/41516"}],"wp:attachment":[{"href":"https:\/\/apapachofest.com\/index.php\/wp-json\/wp\/v2\/media?parent=39594"}],"curies":[{"name":"wp","href":"https:\/\/api.w.org\/{rel}","templated":true}]}}