{"id":39095,"date":"2024-07-22T14:29:29","date_gmt":"2024-07-22T14:29:29","guid":{"rendered":"https:\/\/apapachofest.com\/?page_id=39095"},"modified":"2024-07-23T07:14:02","modified_gmt":"2024-07-23T07:14:02","slug":"pago-servicio-autobus-apapacho-fest","status":"publish","type":"page","link":"https:\/\/apapachofest.com\/index.php\/pago-servicio-autobus-apapacho-fest\/","title":{"rendered":"Pago Servicio Autob\u00fas Apapacho Fest"},"content":{"rendered":"<p>[et_pb_section fb_built=\u00bb1&#8243; admin_label=\u00bbContact Info Section\u00bb _builder_version=\u00bb4.16&#8243; background_color=\u00bb#fafbfc\u00bb custom_padding=\u00bb0px|0px|20px|0px|false|false\u00bb global_colors_info=\u00bb{}\u00bb][et_pb_row _builder_version=\u00bb4.16&#8243; width_tablet=\u00bb\u00bb width_phone=\u00bb90%\u00bb width_last_edited=\u00bbon|phone\u00bb custom_padding=\u00bb||35px|||\u00bb global_colors_info=\u00bb{}\u00bb][et_pb_column type=\u00bb4_4&#8243; _builder_version=\u00bb4.16&#8243; custom_padding=\u00bb|||\u00bb global_colors_info=\u00bb{}\u00bb custom_padding__hover=\u00bb|||\u00bb][et_pb_image src=\u00bbhttps:\/\/apapachofest.com\/wp-content\/uploads\/2024\/02\/logo-web-apapacho-fest.png\u00bb title_text=\u00bblogo-web-apapacho-fest\u00bb align=\u00bbcenter\u00bb _builder_version=\u00bb4.23.1&#8243; width=\u00bb11%\u00bb width_tablet=\u00bb\u00bb width_phone=\u00bb37%\u00bb width_last_edited=\u00bbon|phone\u00bb custom_margin=\u00bb||0px||false|false\u00bb global_colors_info=\u00bb{}\u00bb][\/et_pb_image][et_pb_text _builder_version=\u00bb4.23.1&#8243; text_font=\u00bb||||||||\u00bb header_font=\u00bbRebel Kids||||||||\u00bb header_3_font=\u00bbRebel Kids||||||||\u00bb header_3_text_color=\u00bb#000000&#8243; header_3_font_size=\u00bb43px\u00bb header_3_line_height=\u00bb1.2em\u00bb text_orientation=\u00bbcenter\u00bb custom_margin=\u00bb8px||9px|||\u00bb header_3_font_size_tablet=\u00bb\u00bb header_3_font_size_phone=\u00bb26px\u00bb header_3_font_size_last_edited=\u00bbon|phone\u00bb locked=\u00bboff\u00bb global_colors_info=\u00bb{}\u00bb]<\/p>\n<h3>\u00a1No te quedes sin transporte para venir a APAPACHO FEST!<\/h3>\n<p>[\/et_pb_text][et_pb_text _builder_version=\u00bb4.23.1&#8243; text_font=\u00bbRoboto Flex||||||||\u00bb text_text_color=\u00bb#000000&#8243; text_font_size=\u00bb18px\u00bb header_font=\u00bb||||||||\u00bb text_orientation=\u00bbcenter\u00bb max_width=\u00bb600px\u00bb module_alignment=\u00bbcenter\u00bb custom_margin_tablet=\u00bb\u00bb custom_margin_phone=\u00bb-10px||||false|false\u00bb custom_margin_last_edited=\u00bbon|phone\u00bb text_font_size_tablet=\u00bb18px\u00bb text_font_size_phone=\u00bb16px\u00bb text_font_size_last_edited=\u00bbon|tablet\u00bb global_colors_info=\u00bb{}\u00bb]<\/p>\n<p><strong>SERVICIO Autob\u00fas de Recogida en:<\/strong><br \/>Aeropuerto Bilbao | Estaci\u00f3n tren Bilbao | Estaci\u00f3n bus Bilbao.<\/p>\n<p>Recoger\u00e1 primero el d\u00eda 5 de agosto en el <strong>Aeropuerto a las 17.30h<\/strong>, <strong>estaci\u00f3n de tren 18:00h <\/strong>y <strong>estaci\u00f3n bus 18:15h<\/strong> . De ah\u00ed realizar\u00e1 el trayecto directo al Balneario Casa Pallotti. <strong>Hora aproximada de llegada 19:15h<\/strong>\ud83d\udccc<\/p>\n<p><strong>El 11 de Agosto al finalizar el festival, camino de vuelta \ud83d\ude8ca estaciones de bus, tren y aeropuerto (a determinar y cerrar horario seg\u00fan vuelos)<\/strong><\/p>\n<p><strong>Precio bus ida y vuelta 30\u20ac<\/strong> a abonar por anticipado.<\/p>\n<p>[\/et_pb_text][et_pb_text _builder_version=\u00bb4.23.1&#8243; _module_preset=\u00bbdefault\u00bb custom_margin=\u00bb||16px|||\u00bb locked=\u00bboff\u00bb global_colors_info=\u00bb{}\u00bb]<\/p>\n<div style=\"text-align: center;\"><div class=\"asp_product_buy_button\"><div class=\"asp-processing-cont\" style=\"display:none;\"><span class=\"asp-processing\">Processing <i>.<\/i><i>.<\/i><i>.<\/i><\/span><\/div><form id=\"asp_ng_form_069f5af2289100\" class=\"asp-stripe-form\" action=\"\"  method=\"POST\"> <input type=\"hidden\" name=\"asp_product_id\" value=\"39092\" \/><div class=\"asp-child-hidden-fields\" style=\"display: none !important;\"><\/div><\/form><div id=\"asp-all-buttons-container-069f5af2289100\" class=\"asp_all_buttons_container\"><div class=\"asp_product_buy_btn_container\"><button id=\"asp_ng_button_069f5af2289100\" type=\"submit\" class=\"et_pb_button_2\" ><span>Reserva Ahora tu Transporte<\/span><\/button><\/div><noscript>Para poder operar, Stripe Payments necesita que el navegador sea compatible con JavaScript.<\/noscript><\/div><div id=\"asp-btn-spinner-container-069f5af2289100\" class=\"asp-btn-spinner-container\" style=\"display: none !important\"><div class=\"asp-btn-spinner\"><div><\/div><div><\/div><div><\/div><div><\/div><\/div><\/div><script>var asp_data_069f5af2289100 = {\"is_live\":true,\"product_id\":39092,\"iframe_url\":\"https:\\\/\\\/apapachofest.com\\\/asp-payment-box\\\/?product_id=39092\",\"button_key\":\"20cc677070450545fa309a90e6c543dc\",\"item_price\":3000,\"quantity\":1,\"custom_quantity\":\"\",\"description\":\"Reserva tu plaza para el bus\",\"descrGenerated\":false,\"shipping\":0,\"tax\":0,\"image\":\"\",\"currency\":\"EUR\",\"currency_variable\":\"\",\"locale\":\"auto\",\"name\":\"Pago Servicio Autob\\u00fas Apapacho Fest\",\"url\":\"\",\"amount\":3000,\"billingAddress\":false,\"shippingAddress\":false,\"customer_email\":\"\",\"uniq_id\":\"069f5af2289100\",\"variable\":false,\"zeroCents\":[\"JPY\",\"MGA\",\"VND\",\"KRW\"],\"addonHooks\":[],\"button_text\":\"Reserva Ahora tu Transporte\",\"out_of_stock\":false,\"stock_control_enabled\":false,\"stock_items\":0,\"currencyFormat\":{\"c\":0,\"d\":\".\",\"t\":\",\",\"s\":\"\\u20ac\",\"pos\":\"right\"},\"displayStr\":{\"tax\":\"%s (impuesto)\",\"ship\":\"%s (env\\u00edo)\"},\"thankyou_page_url\":\"\",\"show_custom_amount_input\":false};if(typeof jQuery!==\"undefined\") {jQuery(document).ready(function() {new stripeHandlerNG(asp_data_069f5af2289100);});} else { if (typeof wpaspInitOnDocReady===\"undefined\") {var wpaspInitOnDocReady=[];} wpaspInitOnDocReady.push(asp_data_069f5af2289100);}<\/script><\/div><\/div>\n<p>[\/et_pb_text][\/et_pb_column][\/et_pb_row][\/et_pb_section][et_pb_section fb_built=\u00bb1&#8243; _builder_version=\u00bb4.23.1&#8243; background_color=\u00bb#004441&#8243; custom_padding=\u00bb0px|0px|0|0px|false|false\u00bb locked=\u00bboff\u00bb global_colors_info=\u00bb{}\u00bb][et_pb_row _builder_version=\u00bb4.16&#8243; global_colors_info=\u00bb{}\u00bb][et_pb_column type=\u00bb4_4&#8243; _builder_version=\u00bb4.16&#8243; custom_padding=\u00bb|||\u00bb global_colors_info=\u00bb{}\u00bb custom_padding__hover=\u00bb|||\u00bb][et_pb_text _builder_version=\u00bb4.23.1&#8243; text_font=\u00bb||||||||\u00bb text_text_color=\u00bb#ffffff\u00bb global_colors_info=\u00bb{}\u00bb]<\/p>\n<p style=\"text-align: center;\"><span>Apapacho Festival 2024 \u00ae | Un Festival Organizado por Solteros Conscientes<\/span><\/p>\n<p>[\/et_pb_text][\/et_pb_column][\/et_pb_row][\/et_pb_section]<\/p>\n","protected":false},"excerpt":{"rendered":"<p>\u00a1No te quedes sin transporte para venir a APAPACHO FEST!SERVICIO Autob\u00fas de Recogida en:Aeropuerto Bilbao | Estaci\u00f3n tren Bilbao | Estaci\u00f3n bus Bilbao. Recoger\u00e1 primero el d\u00eda 5 de agosto en el Aeropuerto a las 17.30h, estaci\u00f3n de tren 18:00h y estaci\u00f3n bus 18:15h . De ah\u00ed realizar\u00e1 el trayecto directo al Balneario Casa Pallotti. [&hellip;]<\/p>\n","protected":false},"author":1,"featured_media":0,"parent":0,"menu_order":0,"comment_status":"closed","ping_status":"closed","template":"page-template-blank.php","meta":{"_et_pb_use_builder":"on","_et_pb_old_content":"","_et_gb_content_width":"","footnotes":""},"class_list":["post-39095","page","type-page","status-publish","hentry"],"yoast_head":"<!-- This site is optimized with the Yoast SEO plugin v27.4 - https:\/\/yoast.com\/product\/yoast-seo-wordpress\/ -->\n<title>Pago Servicio Autob\u00fas Apapacho Fest - Apapacho Festival<\/title>\n<meta name=\"robots\" content=\"index, follow, max-snippet:-1, max-image-preview:large, max-video-preview:-1\" \/>\n<link rel=\"canonical\" href=\"https:\/\/apapachofest.com\/index.php\/pago-servicio-autobus-apapacho-fest\/\" \/>\n<meta property=\"og:locale\" content=\"es_ES\" \/>\n<meta property=\"og:type\" content=\"article\" \/>\n<meta property=\"og:title\" content=\"Pago Servicio Autob\u00fas Apapacho Fest - Apapacho Festival\" \/>\n<meta property=\"og:description\" content=\"\u00a1No te quedes sin transporte para venir a APAPACHO FEST!SERVICIO Autob\u00fas de Recogida en:Aeropuerto Bilbao | Estaci\u00f3n tren Bilbao | Estaci\u00f3n bus Bilbao. Recoger\u00e1 primero el d\u00eda 5 de agosto en el Aeropuerto a las 17.30h, estaci\u00f3n de tren 18:00h y estaci\u00f3n bus 18:15h . De ah\u00ed realizar\u00e1 el trayecto directo al Balneario Casa Pallotti. [&hellip;]\" \/>\n<meta property=\"og:url\" content=\"https:\/\/apapachofest.com\/index.php\/pago-servicio-autobus-apapacho-fest\/\" \/>\n<meta property=\"og:site_name\" content=\"Apapacho Festival\" \/>\n<meta property=\"article:publisher\" content=\"https:\/\/www.facebook.com\/apapachofest\/\" \/>\n<meta property=\"article:modified_time\" content=\"2024-07-23T07:14:02+00:00\" \/>\n<meta name=\"twitter:card\" content=\"summary_large_image\" \/>\n<meta name=\"twitter:label1\" content=\"Tiempo de lectura\" \/>\n\t<meta name=\"twitter:data1\" content=\"2 minutos\" \/>\n<script type=\"application\/ld+json\" class=\"yoast-schema-graph\">{\"@context\":\"https:\\\/\\\/schema.org\",\"@graph\":[{\"@type\":\"WebPage\",\"@id\":\"https:\\\/\\\/apapachofest.com\\\/index.php\\\/pago-servicio-autobus-apapacho-fest\\\/\",\"url\":\"https:\\\/\\\/apapachofest.com\\\/index.php\\\/pago-servicio-autobus-apapacho-fest\\\/\",\"name\":\"Pago Servicio Autob\u00fas Apapacho Fest - Apapacho Festival\",\"isPartOf\":{\"@id\":\"https:\\\/\\\/apapachofest.com\\\/#website\"},\"datePublished\":\"2024-07-22T14:29:29+00:00\",\"dateModified\":\"2024-07-23T07:14:02+00:00\",\"breadcrumb\":{\"@id\":\"https:\\\/\\\/apapachofest.com\\\/index.php\\\/pago-servicio-autobus-apapacho-fest\\\/#breadcrumb\"},\"inLanguage\":\"es\",\"potentialAction\":[{\"@type\":\"ReadAction\",\"target\":[\"https:\\\/\\\/apapachofest.com\\\/index.php\\\/pago-servicio-autobus-apapacho-fest\\\/\"]}]},{\"@type\":\"BreadcrumbList\",\"@id\":\"https:\\\/\\\/apapachofest.com\\\/index.php\\\/pago-servicio-autobus-apapacho-fest\\\/#breadcrumb\",\"itemListElement\":[{\"@type\":\"ListItem\",\"position\":1,\"name\":\"Portada\",\"item\":\"https:\\\/\\\/apapachofest.com\\\/\"},{\"@type\":\"ListItem\",\"position\":2,\"name\":\"Pago Servicio Autob\u00fas Apapacho Fest\"}]},{\"@type\":\"WebSite\",\"@id\":\"https:\\\/\\\/apapachofest.com\\\/#website\",\"url\":\"https:\\\/\\\/apapachofest.com\\\/\",\"name\":\"Apapacho Fest\",\"description\":\"El Mayor Festival de Habla Hispana sobre Relaciones Conscientes\",\"publisher\":{\"@id\":\"https:\\\/\\\/apapachofest.com\\\/#organization\"},\"potentialAction\":[{\"@type\":\"SearchAction\",\"target\":{\"@type\":\"EntryPoint\",\"urlTemplate\":\"https:\\\/\\\/apapachofest.com\\\/?s={search_term_string}\"},\"query-input\":{\"@type\":\"PropertyValueSpecification\",\"valueRequired\":true,\"valueName\":\"search_term_string\"}}],\"inLanguage\":\"es\"},{\"@type\":\"Organization\",\"@id\":\"https:\\\/\\\/apapachofest.com\\\/#organization\",\"name\":\"Apapacho Fest\",\"url\":\"https:\\\/\\\/apapachofest.com\\\/\",\"logo\":{\"@type\":\"ImageObject\",\"inLanguage\":\"es\",\"@id\":\"https:\\\/\\\/apapachofest.com\\\/#\\\/schema\\\/logo\\\/image\\\/\",\"url\":\"https:\\\/\\\/apapachofest.com\\\/wp-content\\\/uploads\\\/2025\\\/08\\\/HQ1.jpg\",\"contentUrl\":\"https:\\\/\\\/apapachofest.com\\\/wp-content\\\/uploads\\\/2025\\\/08\\\/HQ1.jpg\",\"width\":1500,\"height\":1500,\"caption\":\"Apapacho Fest\"},\"image\":{\"@id\":\"https:\\\/\\\/apapachofest.com\\\/#\\\/schema\\\/logo\\\/image\\\/\"},\"sameAs\":[\"https:\\\/\\\/www.facebook.com\\\/apapachofest\\\/\",\"https:\\\/\\\/www.instagram.com\\\/apapachofest\\\/\"]}]}<\/script>\n<!-- \/ Yoast SEO plugin. -->","yoast_head_json":{"title":"Pago Servicio Autob\u00fas Apapacho Fest - Apapacho Festival","robots":{"index":"index","follow":"follow","max-snippet":"max-snippet:-1","max-image-preview":"max-image-preview:large","max-video-preview":"max-video-preview:-1"},"canonical":"https:\/\/apapachofest.com\/index.php\/pago-servicio-autobus-apapacho-fest\/","og_locale":"es_ES","og_type":"article","og_title":"Pago Servicio Autob\u00fas Apapacho Fest - Apapacho Festival","og_description":"\u00a1No te quedes sin transporte para venir a APAPACHO FEST!SERVICIO Autob\u00fas de Recogida en:Aeropuerto Bilbao | Estaci\u00f3n tren Bilbao | Estaci\u00f3n bus Bilbao. Recoger\u00e1 primero el d\u00eda 5 de agosto en el Aeropuerto a las 17.30h, estaci\u00f3n de tren 18:00h y estaci\u00f3n bus 18:15h . De ah\u00ed realizar\u00e1 el trayecto directo al Balneario Casa Pallotti. [&hellip;]","og_url":"https:\/\/apapachofest.com\/index.php\/pago-servicio-autobus-apapacho-fest\/","og_site_name":"Apapacho Festival","article_publisher":"https:\/\/www.facebook.com\/apapachofest\/","article_modified_time":"2024-07-23T07:14:02+00:00","twitter_card":"summary_large_image","twitter_misc":{"Tiempo de lectura":"2 minutos"},"schema":{"@context":"https:\/\/schema.org","@graph":[{"@type":"WebPage","@id":"https:\/\/apapachofest.com\/index.php\/pago-servicio-autobus-apapacho-fest\/","url":"https:\/\/apapachofest.com\/index.php\/pago-servicio-autobus-apapacho-fest\/","name":"Pago Servicio Autob\u00fas Apapacho Fest - Apapacho Festival","isPartOf":{"@id":"https:\/\/apapachofest.com\/#website"},"datePublished":"2024-07-22T14:29:29+00:00","dateModified":"2024-07-23T07:14:02+00:00","breadcrumb":{"@id":"https:\/\/apapachofest.com\/index.php\/pago-servicio-autobus-apapacho-fest\/#breadcrumb"},"inLanguage":"es","potentialAction":[{"@type":"ReadAction","target":["https:\/\/apapachofest.com\/index.php\/pago-servicio-autobus-apapacho-fest\/"]}]},{"@type":"BreadcrumbList","@id":"https:\/\/apapachofest.com\/index.php\/pago-servicio-autobus-apapacho-fest\/#breadcrumb","itemListElement":[{"@type":"ListItem","position":1,"name":"Portada","item":"https:\/\/apapachofest.com\/"},{"@type":"ListItem","position":2,"name":"Pago Servicio Autob\u00fas Apapacho Fest"}]},{"@type":"WebSite","@id":"https:\/\/apapachofest.com\/#website","url":"https:\/\/apapachofest.com\/","name":"Apapacho Fest","description":"El Mayor Festival de Habla Hispana sobre Relaciones Conscientes","publisher":{"@id":"https:\/\/apapachofest.com\/#organization"},"potentialAction":[{"@type":"SearchAction","target":{"@type":"EntryPoint","urlTemplate":"https:\/\/apapachofest.com\/?s={search_term_string}"},"query-input":{"@type":"PropertyValueSpecification","valueRequired":true,"valueName":"search_term_string"}}],"inLanguage":"es"},{"@type":"Organization","@id":"https:\/\/apapachofest.com\/#organization","name":"Apapacho Fest","url":"https:\/\/apapachofest.com\/","logo":{"@type":"ImageObject","inLanguage":"es","@id":"https:\/\/apapachofest.com\/#\/schema\/logo\/image\/","url":"https:\/\/apapachofest.com\/wp-content\/uploads\/2025\/08\/HQ1.jpg","contentUrl":"https:\/\/apapachofest.com\/wp-content\/uploads\/2025\/08\/HQ1.jpg","width":1500,"height":1500,"caption":"Apapacho Fest"},"image":{"@id":"https:\/\/apapachofest.com\/#\/schema\/logo\/image\/"},"sameAs":["https:\/\/www.facebook.com\/apapachofest\/","https:\/\/www.instagram.com\/apapachofest\/"]}]}},"_links":{"self":[{"href":"https:\/\/apapachofest.com\/index.php\/wp-json\/wp\/v2\/pages\/39095","targetHints":{"allow":["GET"]}}],"collection":[{"href":"https:\/\/apapachofest.com\/index.php\/wp-json\/wp\/v2\/pages"}],"about":[{"href":"https:\/\/apapachofest.com\/index.php\/wp-json\/wp\/v2\/types\/page"}],"author":[{"embeddable":true,"href":"https:\/\/apapachofest.com\/index.php\/wp-json\/wp\/v2\/users\/1"}],"replies":[{"embeddable":true,"href":"https:\/\/apapachofest.com\/index.php\/wp-json\/wp\/v2\/comments?post=39095"}],"version-history":[{"count":4,"href":"https:\/\/apapachofest.com\/index.php\/wp-json\/wp\/v2\/pages\/39095\/revisions"}],"predecessor-version":[{"id":39132,"href":"https:\/\/apapachofest.com\/index.php\/wp-json\/wp\/v2\/pages\/39095\/revisions\/39132"}],"wp:attachment":[{"href":"https:\/\/apapachofest.com\/index.php\/wp-json\/wp\/v2\/media?parent=39095"}],"curies":[{"name":"wp","href":"https:\/\/api.w.org\/{rel}","templated":true}]}}